{"id":2291,"date":"2019-05-23T09:51:11","date_gmt":"2019-05-23T07:51:11","guid":{"rendered":"https:\/\/isab-siac.ch\/sistema\/il-sistema-dinformazione-alleanza-costruzione\/"},"modified":"2021-01-05T16:31:44","modified_gmt":"2021-01-05T15:31:44","slug":"dettagli-del-sistema","status":"publish","type":"page","link":"https:\/\/isab-siac.ch\/it\/sistema\/dettagli-del-sistema\/","title":{"rendered":"Il Sistema d&#8217;informazione Alleanza costruzione"},"content":{"rendered":"<p><div class=\"fusion-fullwidth fullwidth-box fusion-builder-row-1 nonhundred-percent-fullwidth non-hundred-percent-height-scrolling\" style=\"--awb-border-radius-top-left:0px;--awb-border-radius-top-right:0px;--awb-border-radius-bottom-right:0px;--awb-border-radius-bottom-left:0px;--awb-flex-wrap:wrap;\" ><div class=\"fusion-builder-row fusion-row\"><div class=\"fusion-layout-column fusion_builder_column fusion-builder-column-0 fusion_builder_column_1_1 1_1 fusion-one-full fusion-column-first fusion-column-last\" style=\"--awb-bg-size:cover;\"><div class=\"fusion-column-wrapper fusion-flex-column-wrapper-legacy\"><div class=\"fusion-title title fusion-title-1 fusion-sep-none fusion-title-text fusion-title-size-one\"><h1 class=\"fusion-title-heading title-heading-left fusion-responsive-typography-calculated\" style=\"--fontSize:50.625;line-height:1.1;\"><p style=\"text-align: center;\">Il Sistema d&#8217;informazione Alleanza costruzione<\/p><\/h1><\/div><div class=\"fusion-clearfix\"><\/div><\/div><\/div><\/div><\/div><div id=\"associazione-promotrice\" class=\"fusion-container-anchor\"><div class=\"fusion-fullwidth fullwidth-box fusion-builder-row-2 nonhundred-percent-fullwidth non-hundred-percent-height-scrolling\" style=\"--awb-border-radius-top-left:0px;--awb-border-radius-top-right:0px;--awb-border-radius-bottom-right:0px;--awb-border-radius-bottom-left:0px;--awb-padding-top:5em;--awb-padding-right:5em;--awb-padding-bottom:5em;--awb-padding-left:5em;--awb-background-color:#eeeeee;--awb-flex-wrap:wrap;\" ><div class=\"fusion-builder-row fusion-row\"><div class=\"fusion-layout-column fusion_builder_column fusion-builder-column-1 fusion_builder_column_1_1 1_1 fusion-one-full fusion-column-first fusion-column-last\" style=\"--awb-bg-size:cover;\"><div class=\"fusion-column-wrapper fusion-flex-column-wrapper-legacy\"><div class=\"fusion-text fusion-text-1\"><p>SIAC mira a semplificare l&#8217;esecuzione dei CCL e a creare trasparenza: quale impresa \u00e8 soggetta a quale CCL; qual \u00e8 la situazione per quanto attiene al suo rispetto; l&#8217;azienda \u00e8 stata controllata e qual \u00e8 stato il risultato del controllo. La piattaforma elettronica basata sulla banca dati mette a disposizione per il settore dell&#8217;edilizia principale e dei lavori di completamento, in forma centralizzata e in modo conforme alla protezione dei dati, dati unitari a livello nazionale nell&#8217;ambito dell&#8217;esecuzione dei CCL.<\/p>\n<p>SIAC intende contribuire, nel settore dell&#8217;edilizia principale e dei lavori di completamento, al rispetto delle condizioni di lavoro minime disciplinate nei contratti collettivi di lavoro. In tal modo sarebbero tenute in considerazione nell&#8217;aggiudicazione le imprese corrette, consentendo una concorrenza leale. SIAC intende rappresentare un valore aggiunto per tutti i gruppi d&#8217;interesse dell&#8217;intero settore edile, essere valido in tutta la Svizzera ed essere modulabile in base alle esigenze specifiche del settore.<\/p>\n<p>Sono membri di Alleanza costruzione, con poche eccezioni, tutte le parti contraenti dei contratti collettivi di lavoro di obbligatoriet\u00e0 generale del settore dell&#8217;edilizia principale e dei lavori di completamento. L&#8217;associazione promotrice \u00e8 stata fondata nel dicembre 2017. Essa \u00e8 organizzata in forma paritetica, \u00e8 politicamente neutrale ed \u00e8 aperta a tutte le parti contraenti dei contratti collettivi di lavoro di obbligatoriet\u00e0 generale.<\/p>\n<\/div><div class=\"fusion-clearfix\"><\/div><\/div><\/div><div class=\"fusion-layout-column fusion_builder_column fusion-builder-column-2 fusion_builder_column_1_2 1_2 fusion-one-half fusion-column-first\" style=\"--awb-bg-size:cover;width:50%;width:calc(50% - ( ( 4% ) * 0.5 ) );margin-right: 4%;\"><div class=\"fusion-column-wrapper fusion-flex-column-wrapper-legacy\"><div class=\"fusion-text fusion-text-2\"><p>Il valore aggiunto offerto dal SIAC rispetto ai sistemi concorrenti \u00e8 dato dalla sua trasparenza e qualit\u00e0 dei dati senza precedenti. Le dichiarazioni si basano sui risultati dei controlli realmente avvenuti da parte degli organi di esecuzione paritetici. I sistemi concorrenti, che si basano essenzialmente su un&#8217;autodichiarazione delle ditte, non possono offrire informazioni di questo tenore e hanno pertanto solo un&#8217;attendibilit\u00e0 limitata. Di conseguenza, anche i prodotti offerti dal SIAC, come la certificazione di conformit\u00e0 al CCL e la Carta SIAC, si distinguono chiaramente dai prodotti della concorrenza. SIAC raggiunge questa qualit\u00e0 grazie all&#8217;ancoraggio multisettoriale, sovraregionale e paritetico nel settore, frutto dell&#8217;ampio sostegno delle parti sociali e delle loro commissioni paritetiche.<\/p>\n<\/div><div class=\"fusion-clearfix\"><\/div><\/div><\/div><div class=\"fusion-layout-column fusion_builder_column fusion-builder-column-3 fusion_builder_column_1_2 1_2 fusion-one-half fusion-column-last\" style=\"--awb-bg-size:cover;width:50%;width:calc(50% - ( ( 4% ) * 0.5 ) );\"><div class=\"fusion-column-wrapper fusion-flex-column-wrapper-legacy\"><div class=\"fusion-image-element in-legacy-container\" style=\"--awb-liftup-border-radius:0px;--awb-caption-title-font-family:var(--h2_typography-font-family);--awb-caption-title-font-weight:var(--h2_typography-font-weight);--awb-caption-title-font-style:var(--h2_typography-font-style);--awb-caption-title-size:var(--h2_typography-font-size);--awb-caption-title-transform:var(--h2_typography-text-transform);--awb-caption-title-line-height:var(--h2_typography-line-height);--awb-caption-title-letter-spacing:var(--h2_typography-letter-spacing);\"><div class=\"awb-image-frame awb-image-frame-1 imageframe-liftup\"><span class=\" fusion-imageframe imageframe-dropshadow imageframe-1\" style=\"-webkit-box-shadow: 3px 3px 7px rgba(0,0,0,0.3);box-shadow: 3px 3px 7px rgba(0,0,0,0.3);\"><a href=\"https:\/\/isab-siac.ch\/wp-content\/uploads\/Diagramm_System-1.jpg\" class=\"fusion-lightbox\" data-rel=\"iLightbox[2cbff2933d5c5f2ffcb]\" data-caption=\"\" title=\"Diagramm_System\"><img decoding=\"async\" width=\"3000\" height=\"1605\" alt=\"Sistema grafico ISAB-SIAC\" src=\"https:\/\/isab-siac.ch\/wp-content\/uploads\/Diagramm_System-i.jpg\" class=\"img-responsive wp-image-2413\" srcset=\"https:\/\/isab-siac.ch\/wp-content\/uploads\/Diagramm_System-i-200x107.jpg 200w, https:\/\/isab-siac.ch\/wp-content\/uploads\/Diagramm_System-i-400x214.jpg 400w, https:\/\/isab-siac.ch\/wp-content\/uploads\/Diagramm_System-i-600x321.jpg 600w, https:\/\/isab-siac.ch\/wp-content\/uploads\/Diagramm_System-i-800x428.jpg 800w, https:\/\/isab-siac.ch\/wp-content\/uploads\/Diagramm_System-i-1200x642.jpg 1200w, https:\/\/isab-siac.ch\/wp-content\/uploads\/Diagramm_System-i.jpg 3000w\" sizes=\"(max-width: 1000px) 100vw, 600px\" \/><\/a><\/span><\/div><\/div><div class=\"fusion-clearfix\"><\/div><\/div><\/div><div class=\"fusion-layout-column fusion_builder_column fusion-builder-column-4 fusion_builder_column_1_1 1_1 fusion-one-full fusion-column-first fusion-column-last\" style=\"--awb-bg-size:cover;\"><div class=\"fusion-column-wrapper fusion-flex-column-wrapper-legacy\"><div class=\"fusion-text fusion-text-3\"><p>Nel 2017 le parti sociali hanno fondato l\u2019Associazione paritetica SIAC, dando il via alla creazione di un sistema che durante l\u2019anno 2018 \u00e8 stato strutturato e sviluppato dal punto di vista tecnico. Dal 2019 il SIAC \u00e8 operativo. Molte commissioni paritetiche hanno nel frattempo inoltrato i dati delle loro aziende. Oltre 10\u2009000 aziende sono state accolte sulla piattaforma SIAC e sono state consultate migliaia di certificazioni di conformit\u00e0 al CCL. La diffusione della Carta SIAC sui cantieri cresce di giorno in giorno. La rilevanza del SIAC aumenter\u00e0 ulteriormente nei prossimi mesi con l\u2019introduzione di altri settori.<\/p>\n<\/div><div class=\"fusion-clearfix\"><\/div><\/div><\/div><\/div><\/div><\/div><\/p>\n","protected":false},"excerpt":{"rendered":"","protected":false},"author":2,"featured_media":0,"parent":2288,"menu_order":0,"comment_status":"closed","ping_status":"closed","template":"","meta":{"footnotes":""},"class_list":["post-2291","page","type-page","status-publish","hentry"],"yoast_head":"<!-- This site is optimized with the Yoast SEO plugin v27.4 - https:\/\/yoast.com\/product\/yoast-seo-wordpress\/ -->\n<title>Il Sistema d&#039;informazione Alleanza costruzione &#8211; ISAB SIAC<\/title>\n<meta name=\"description\" content=\"SIAC \u00e8 una piattaforma elettronica per il settore dell&#039;edilizia principale e dei lavori di completamento. SIAC semplifica l&#039;esecuzione dei CCL e crea trasparenza.\" \/>\n<meta name=\"robots\" content=\"index, follow, max-snippet:-1, max-image-preview:large, max-video-preview:-1\" \/>\n<link rel=\"canonical\" href=\"https:\/\/isab-siac.ch\/it\/sistema\/dettagli-del-sistema\/\" \/>\n<meta property=\"og:locale\" content=\"it_IT\" \/>\n<meta property=\"og:type\" content=\"article\" \/>\n<meta property=\"og:title\" content=\"Il Sistema d&#039;informazione Alleanza costruzione &#8211; ISAB SIAC\" \/>\n<meta property=\"og:description\" content=\"SIAC \u00e8 una piattaforma elettronica per il settore dell&#039;edilizia principale e dei lavori di completamento. SIAC semplifica l&#039;esecuzione dei CCL e crea trasparenza.\" \/>\n<meta property=\"og:url\" content=\"https:\/\/isab-siac.ch\/it\/sistema\/dettagli-del-sistema\/\" \/>\n<meta property=\"og:site_name\" content=\"ISAB SIAC\" \/>\n<meta property=\"article:modified_time\" content=\"2021-01-05T15:31:44+00:00\" \/>\n<meta name=\"twitter:card\" content=\"summary_large_image\" \/>\n<meta name=\"twitter:label1\" content=\"Tempo di lettura stimato\" \/>\n\t<meta name=\"twitter:data1\" content=\"6 minuti\" \/>\n<script type=\"application\/ld+json\" class=\"yoast-schema-graph\">{\"@context\":\"https:\\\/\\\/schema.org\",\"@graph\":[{\"@type\":\"WebPage\",\"@id\":\"https:\\\/\\\/isab-siac.ch\\\/it\\\/sistema\\\/dettagli-del-sistema\\\/\",\"url\":\"https:\\\/\\\/isab-siac.ch\\\/it\\\/sistema\\\/dettagli-del-sistema\\\/\",\"name\":\"Il Sistema d'informazione Alleanza costruzione &#8211; ISAB SIAC\",\"isPartOf\":{\"@id\":\"https:\\\/\\\/isab-siac.ch\\\/it\\\/#website\"},\"datePublished\":\"2019-05-23T07:51:11+00:00\",\"dateModified\":\"2021-01-05T15:31:44+00:00\",\"description\":\"SIAC \u00e8 una piattaforma elettronica per il settore dell'edilizia principale e dei lavori di completamento. SIAC semplifica l'esecuzione dei CCL e crea trasparenza.\",\"breadcrumb\":{\"@id\":\"https:\\\/\\\/isab-siac.ch\\\/it\\\/sistema\\\/dettagli-del-sistema\\\/#breadcrumb\"},\"inLanguage\":\"it-IT\",\"potentialAction\":[{\"@type\":\"ReadAction\",\"target\":[\"https:\\\/\\\/isab-siac.ch\\\/it\\\/sistema\\\/dettagli-del-sistema\\\/\"]}]},{\"@type\":\"BreadcrumbList\",\"@id\":\"https:\\\/\\\/isab-siac.ch\\\/it\\\/sistema\\\/dettagli-del-sistema\\\/#breadcrumb\",\"itemListElement\":[{\"@type\":\"ListItem\",\"position\":1,\"name\":\"Home\",\"item\":\"https:\\\/\\\/isab-siac.ch\\\/it\\\/home\\\/\"},{\"@type\":\"ListItem\",\"position\":2,\"name\":\"Sistema\",\"item\":\"https:\\\/\\\/isab-siac.ch\\\/it\\\/sistema\\\/\"},{\"@type\":\"ListItem\",\"position\":3,\"name\":\"Il Sistema d&#8217;informazione Alleanza costruzione\"}]},{\"@type\":\"WebSite\",\"@id\":\"https:\\\/\\\/isab-siac.ch\\\/it\\\/#website\",\"url\":\"https:\\\/\\\/isab-siac.ch\\\/it\\\/\",\"name\":\"ISAB SIAC\",\"description\":\"Parit\u00e4tischer Verein Informationssystem Allianz Bau\",\"potentialAction\":[{\"@type\":\"SearchAction\",\"target\":{\"@type\":\"EntryPoint\",\"urlTemplate\":\"https:\\\/\\\/isab-siac.ch\\\/it\\\/?s={search_term_string}\"},\"query-input\":{\"@type\":\"PropertyValueSpecification\",\"valueRequired\":true,\"valueName\":\"search_term_string\"}}],\"inLanguage\":\"it-IT\"}]}<\/script>\n<!-- \/ Yoast SEO plugin. -->","yoast_head_json":{"title":"Il Sistema d'informazione Alleanza costruzione &#8211; ISAB SIAC","description":"SIAC \u00e8 una piattaforma elettronica per il settore dell'edilizia principale e dei lavori di completamento. SIAC semplifica l'esecuzione dei CCL e crea trasparenza.","robots":{"index":"index","follow":"follow","max-snippet":"max-snippet:-1","max-image-preview":"max-image-preview:large","max-video-preview":"max-video-preview:-1"},"canonical":"https:\/\/isab-siac.ch\/it\/sistema\/dettagli-del-sistema\/","og_locale":"it_IT","og_type":"article","og_title":"Il Sistema d'informazione Alleanza costruzione &#8211; ISAB SIAC","og_description":"SIAC \u00e8 una piattaforma elettronica per il settore dell'edilizia principale e dei lavori di completamento. SIAC semplifica l'esecuzione dei CCL e crea trasparenza.","og_url":"https:\/\/isab-siac.ch\/it\/sistema\/dettagli-del-sistema\/","og_site_name":"ISAB SIAC","article_modified_time":"2021-01-05T15:31:44+00:00","twitter_card":"summary_large_image","twitter_misc":{"Tempo di lettura stimato":"6 minuti"},"schema":{"@context":"https:\/\/schema.org","@graph":[{"@type":"WebPage","@id":"https:\/\/isab-siac.ch\/it\/sistema\/dettagli-del-sistema\/","url":"https:\/\/isab-siac.ch\/it\/sistema\/dettagli-del-sistema\/","name":"Il Sistema d'informazione Alleanza costruzione &#8211; ISAB SIAC","isPartOf":{"@id":"https:\/\/isab-siac.ch\/it\/#website"},"datePublished":"2019-05-23T07:51:11+00:00","dateModified":"2021-01-05T15:31:44+00:00","description":"SIAC \u00e8 una piattaforma elettronica per il settore dell'edilizia principale e dei lavori di completamento. SIAC semplifica l'esecuzione dei CCL e crea trasparenza.","breadcrumb":{"@id":"https:\/\/isab-siac.ch\/it\/sistema\/dettagli-del-sistema\/#breadcrumb"},"inLanguage":"it-IT","potentialAction":[{"@type":"ReadAction","target":["https:\/\/isab-siac.ch\/it\/sistema\/dettagli-del-sistema\/"]}]},{"@type":"BreadcrumbList","@id":"https:\/\/isab-siac.ch\/it\/sistema\/dettagli-del-sistema\/#breadcrumb","itemListElement":[{"@type":"ListItem","position":1,"name":"Home","item":"https:\/\/isab-siac.ch\/it\/home\/"},{"@type":"ListItem","position":2,"name":"Sistema","item":"https:\/\/isab-siac.ch\/it\/sistema\/"},{"@type":"ListItem","position":3,"name":"Il Sistema d&#8217;informazione Alleanza costruzione"}]},{"@type":"WebSite","@id":"https:\/\/isab-siac.ch\/it\/#website","url":"https:\/\/isab-siac.ch\/it\/","name":"ISAB SIAC","description":"Parit\u00e4tischer Verein Informationssystem Allianz Bau","potentialAction":[{"@type":"SearchAction","target":{"@type":"EntryPoint","urlTemplate":"https:\/\/isab-siac.ch\/it\/?s={search_term_string}"},"query-input":{"@type":"PropertyValueSpecification","valueRequired":true,"valueName":"search_term_string"}}],"inLanguage":"it-IT"}]}},"_links":{"self":[{"href":"https:\/\/isab-siac.ch\/it\/wp-json\/wp\/v2\/pages\/2291","targetHints":{"allow":["GET"]}}],"collection":[{"href":"https:\/\/isab-siac.ch\/it\/wp-json\/wp\/v2\/pages"}],"about":[{"href":"https:\/\/isab-siac.ch\/it\/wp-json\/wp\/v2\/types\/page"}],"author":[{"embeddable":true,"href":"https:\/\/isab-siac.ch\/it\/wp-json\/wp\/v2\/users\/2"}],"replies":[{"embeddable":true,"href":"https:\/\/isab-siac.ch\/it\/wp-json\/wp\/v2\/comments?post=2291"}],"version-history":[{"count":0,"href":"https:\/\/isab-siac.ch\/it\/wp-json\/wp\/v2\/pages\/2291\/revisions"}],"up":[{"embeddable":true,"href":"https:\/\/isab-siac.ch\/it\/wp-json\/wp\/v2\/pages\/2288"}],"wp:attachment":[{"href":"https:\/\/isab-siac.ch\/it\/wp-json\/wp\/v2\/media?parent=2291"}],"curies":[{"name":"wp","href":"https:\/\/api.w.org\/{rel}","templated":true}]}}