{"id":744,"date":"2018-12-05T13:56:37","date_gmt":"2018-12-05T12:56:37","guid":{"rendered":"https:\/\/isab-siac.ch\/systeme\/details-du-systeme\/"},"modified":"2021-01-05T16:23:04","modified_gmt":"2021-01-05T15:23:04","slug":"details-du-systeme","status":"publish","type":"page","link":"https:\/\/isab-siac.ch\/fr\/systeme\/details-du-systeme\/","title":{"rendered":"D\u00e9tails du syst\u00e8me"},"content":{"rendered":"<p><div class=\"fusion-fullwidth fullwidth-box fusion-builder-row-1 nonhundred-percent-fullwidth non-hundred-percent-height-scrolling\" style=\"--awb-border-radius-top-left:0px;--awb-border-radius-top-right:0px;--awb-border-radius-bottom-right:0px;--awb-border-radius-bottom-left:0px;--awb-flex-wrap:wrap;\" ><div class=\"fusion-builder-row fusion-row\"><div class=\"fusion-layout-column fusion_builder_column fusion-builder-column-0 fusion_builder_column_1_1 1_1 fusion-one-full fusion-column-first fusion-column-last\" style=\"--awb-bg-size:cover;\"><div class=\"fusion-column-wrapper fusion-flex-column-wrapper-legacy\"><div class=\"fusion-title title fusion-title-1 fusion-sep-none fusion-title-text fusion-title-size-one\"><h1 class=\"fusion-title-heading title-heading-left fusion-responsive-typography-calculated\" style=\"--fontSize:50.625;line-height:1.1;\"><p style=\"text-align: center;\">Syst\u00e8me d&rsquo;information Alliance construction<\/p><\/h1><\/div><div class=\"fusion-clearfix\"><\/div><\/div><\/div><\/div><\/div><div id=\"association\" class=\"fusion-container-anchor\"><div class=\"fusion-fullwidth fullwidth-box fusion-builder-row-2 nonhundred-percent-fullwidth non-hundred-percent-height-scrolling\" style=\"--awb-border-radius-top-left:0px;--awb-border-radius-top-right:0px;--awb-border-radius-bottom-right:0px;--awb-border-radius-bottom-left:0px;--awb-padding-top:5em;--awb-padding-right:5em;--awb-padding-bottom:5em;--awb-padding-left:5em;--awb-background-color:#eeeeee;--awb-flex-wrap:wrap;\" ><div class=\"fusion-builder-row fusion-row\"><div class=\"fusion-layout-column fusion_builder_column fusion-builder-column-1 fusion_builder_column_1_1 1_1 fusion-one-full fusion-column-first fusion-column-last\" style=\"--awb-bg-size:cover;\"><div class=\"fusion-column-wrapper fusion-flex-column-wrapper-legacy\"><div class=\"fusion-text fusion-text-1\"><p>SIAC vise \u00e0 simplifier l\u2019application des CCT et \u00e0 cr\u00e9er la transparence: quelle entreprise est assujettie \u00e0 quelle CCT? Qu\u2019en est-il de leur respect? L\u2019entreprise a-t-elle \u00e9t\u00e9 contr\u00f4l\u00e9e et quel a \u00e9t\u00e9 le r\u00e9sultat du contr\u00f4le? La plate-forme \u00e9lectronique bas\u00e9e sur une base de donn\u00e9es fournit de mani\u00e8re centralis\u00e9e au secteur principal de la construction et au second \u0153uvre des donn\u00e9es uniformes sur le plan national pour ce qui a trait \u00e0 l\u2019application des CCT.<\/p>\n<p>SIAC doit contribuer \u00e0 ce que les conditions de travail minimales r\u00e9gies par des CCT soient respect\u00e9es dans le secteur principal de la construction et le second \u0153uvre.\u00a0 Ainsi, lors de l\u2019adjudication de march\u00e9s, il convient de prendre en consid\u00e9ration des entreprises s\u00e9rieuses pour permettre une concurrence \u00e9quitable. SIAC doit constituer une plus-value pour tous les partenaires de la branche de la construction, ce syst\u00e8me sera applicable dans toute la Suisse et modulable pour les attentes sp\u00e9cifiques \u00e0 la branche.<\/p>\n<p>Les membres d\u2019Alliance construction sont, \u00e0 quelques exceptions pr\u00e8s, les parties contractantes des conventions collectives de travail d\u00e9clar\u00e9es de force obligatoire du secteur principal de la construction et du second \u0153uvre. L\u2019association responsable, fond\u00e9e en d\u00e9cembre\u00a02017, est organis\u00e9e de mani\u00e8re paritaire; elle est politiquement neutre et toutes les parties contractantes de CCT d\u00e9clar\u00e9es de force obligatoire peuvent y adh\u00e9rer.<\/p>\n<\/div><div class=\"fusion-clearfix\"><\/div><\/div><\/div><div class=\"fusion-layout-column fusion_builder_column fusion-builder-column-2 fusion_builder_column_1_2 1_2 fusion-one-half fusion-column-first\" style=\"--awb-bg-size:cover;width:50%;width:calc(50% - ( ( 4% ) * 0.5 ) );margin-right: 4%;\"><div class=\"fusion-column-wrapper fusion-flex-column-wrapper-legacy\"><div class=\"fusion-text fusion-text-2\"><p>La plus-value qu\u2019offre SIAC par rapport aux syst\u00e8mes concurrents r\u00e9side dans sa transparence in\u00e9gal\u00e9e et la qualit\u00e9 de ses donn\u00e9es. Les d\u00e9clarations se basent sur les r\u00e9sultats des contr\u00f4les r\u00e9alis\u00e9s dans la r\u00e9alit\u00e9 par les organes d\u2019ex\u00e9cution paritaires. Les syst\u00e8mes concurrents, qui s\u2019en tiennent pour l\u2019essentiel \u00e0 une auto-d\u00e9claration des entreprises, ne peuvent pas offrir tout ce volume d\u2019informations et leur fiabilit\u00e9 est donc limit\u00e9e. Aussi les produits propos\u00e9s par SIAC comme l\u2019attestation CCT et la carte SIAC se distinguent-ils par rapport aux produits concurrents. SIAC atteint ce niveau de qualit\u00e9 gr\u00e2ce \u00e0 l\u2019ancrage suprar\u00e9gional et paritaire dans la branche et gr\u00e2ce \u00e0 la vaste entit\u00e9 l\u00e9gale des partenaires sociaux et de leurs commissions paritaires.<\/p>\n<\/div><div class=\"fusion-clearfix\"><\/div><\/div><\/div><div class=\"fusion-layout-column fusion_builder_column fusion-builder-column-3 fusion_builder_column_1_2 1_2 fusion-one-half fusion-column-last\" style=\"--awb-bg-size:cover;width:50%;width:calc(50% - ( ( 4% ) * 0.5 ) );\"><div class=\"fusion-column-wrapper fusion-flex-column-wrapper-legacy\"><div class=\"fusion-image-element in-legacy-container\" style=\"--awb-liftup-border-radius:0px;--awb-caption-title-font-family:var(--h2_typography-font-family);--awb-caption-title-font-weight:var(--h2_typography-font-weight);--awb-caption-title-font-style:var(--h2_typography-font-style);--awb-caption-title-size:var(--h2_typography-font-size);--awb-caption-title-transform:var(--h2_typography-text-transform);--awb-caption-title-line-height:var(--h2_typography-line-height);--awb-caption-title-letter-spacing:var(--h2_typography-letter-spacing);\"><div class=\"awb-image-frame awb-image-frame-1 imageframe-liftup\"><span class=\" fusion-imageframe imageframe-dropshadow imageframe-1\" style=\"-webkit-box-shadow: 3px 3px 7px rgba(0,0,0,0.3);box-shadow: 3px 3px 7px rgba(0,0,0,0.3);\"><a href=\"https:\/\/isab-siac.ch\/wp-content\/uploads\/Diagramm_System-1.jpg\" class=\"fusion-lightbox\" data-rel=\"iLightbox[2cbff2933d5c5f2ffcb]\" data-caption=\"\" title=\"Diagramm_System\"><img decoding=\"async\" width=\"3000\" height=\"1605\" alt=\"Sch\u00e9ma, syst\u00e8me\" src=\"https:\/\/isab-siac.ch\/wp-content\/uploads\/Diagramm_System-f.jpg\" class=\"img-responsive wp-image-2412\" srcset=\"https:\/\/isab-siac.ch\/wp-content\/uploads\/Diagramm_System-f-200x107.jpg 200w, https:\/\/isab-siac.ch\/wp-content\/uploads\/Diagramm_System-f-400x214.jpg 400w, https:\/\/isab-siac.ch\/wp-content\/uploads\/Diagramm_System-f-600x321.jpg 600w, https:\/\/isab-siac.ch\/wp-content\/uploads\/Diagramm_System-f-800x428.jpg 800w, https:\/\/isab-siac.ch\/wp-content\/uploads\/Diagramm_System-f-1200x642.jpg 1200w, https:\/\/isab-siac.ch\/wp-content\/uploads\/Diagramm_System-f.jpg 3000w\" sizes=\"(max-width: 1000px) 100vw, 600px\" \/><\/a><\/span><\/div><\/div><div class=\"fusion-clearfix\"><\/div><\/div><\/div><div class=\"fusion-layout-column fusion_builder_column fusion-builder-column-4 fusion_builder_column_1_1 1_1 fusion-one-full fusion-column-first fusion-column-last\" style=\"--awb-bg-size:cover;\"><div class=\"fusion-column-wrapper fusion-flex-column-wrapper-legacy\"><div class=\"fusion-text fusion-text-3\"><p>Les partenaires sociaux ont fond\u00e9 l\u2019association paritaire SIAC en 2017 et mis en place le syst\u00e8me technique en 2018. SIAC est en service depuis 2019. De nombreuses commissions paritaires ont fourni les donn\u00e9es de leurs entreprises. Plus de 10 000 entreprises ont pu \u00eatre accueillies sur la plateforme SIAC et des milliers d\u2019attestations CCT ont \u00e9t\u00e9 consult\u00e9es. La diffusion de la carte SIAC sur les chantiers augmente chaque jour. La pertinence du SIAC continuera d\u2019augmenter au cours des prochains mois avec la mise en ligne d\u2019autres branches.<\/p>\n<\/div><div class=\"fusion-clearfix\"><\/div><\/div><\/div><\/div><\/div><\/div><\/p>\n","protected":false},"excerpt":{"rendered":"","protected":false},"author":2,"featured_media":0,"parent":738,"menu_order":0,"comment_status":"closed","ping_status":"closed","template":"","meta":{"footnotes":""},"class_list":["post-744","page","type-page","status-publish","hentry"],"yoast_head":"<!-- This site is optimized with the Yoast SEO plugin v27.4 - https:\/\/yoast.com\/product\/yoast-seo-wordpress\/ -->\n<title>Plate-forme pour les principaux corps de m\u00e9tier de la construction et de la finition &#8211; ISAB SIAC<\/title>\n<meta name=\"description\" content=\"SIAC est une plate-forme bas\u00e9e sur une base de donn\u00e9es pour l&#039;industrie de la construction. SIAC simplifie l&#039;ex\u00e9cution des CCT et cr\u00e9e de la transparence.\" \/>\n<meta name=\"robots\" content=\"index, follow, max-snippet:-1, max-image-preview:large, max-video-preview:-1\" \/>\n<link rel=\"canonical\" href=\"https:\/\/isab-siac.ch\/fr\/systeme\/details-du-systeme\/\" \/>\n<meta property=\"og:locale\" content=\"fr_FR\" \/>\n<meta property=\"og:type\" content=\"article\" \/>\n<meta property=\"og:title\" content=\"Plate-forme pour les principaux corps de m\u00e9tier de la construction et de la finition &#8211; ISAB SIAC\" \/>\n<meta property=\"og:description\" content=\"SIAC est une plate-forme bas\u00e9e sur une base de donn\u00e9es pour l&#039;industrie de la construction. SIAC simplifie l&#039;ex\u00e9cution des CCT et cr\u00e9e de la transparence.\" \/>\n<meta property=\"og:url\" content=\"https:\/\/isab-siac.ch\/fr\/systeme\/details-du-systeme\/\" \/>\n<meta property=\"og:site_name\" content=\"ISAB SIAC\" \/>\n<meta property=\"article:modified_time\" content=\"2021-01-05T15:23:04+00:00\" \/>\n<meta name=\"twitter:card\" content=\"summary_large_image\" \/>\n<meta name=\"twitter:label1\" content=\"Dur\u00e9e de lecture estim\u00e9e\" \/>\n\t<meta name=\"twitter:data1\" content=\"7 minutes\" \/>\n<script type=\"application\/ld+json\" class=\"yoast-schema-graph\">{\"@context\":\"https:\\\/\\\/schema.org\",\"@graph\":[{\"@type\":\"WebPage\",\"@id\":\"https:\\\/\\\/isab-siac.ch\\\/fr\\\/systeme\\\/details-du-systeme\\\/\",\"url\":\"https:\\\/\\\/isab-siac.ch\\\/fr\\\/systeme\\\/details-du-systeme\\\/\",\"name\":\"Plate-forme pour les principaux corps de m\u00e9tier de la construction et de la finition &#8211; ISAB SIAC\",\"isPartOf\":{\"@id\":\"https:\\\/\\\/isab-siac.ch\\\/it\\\/#website\"},\"datePublished\":\"2018-12-05T12:56:37+00:00\",\"dateModified\":\"2021-01-05T15:23:04+00:00\",\"description\":\"SIAC est une plate-forme bas\u00e9e sur une base de donn\u00e9es pour l'industrie de la construction. SIAC simplifie l'ex\u00e9cution des CCT et cr\u00e9e de la transparence.\",\"breadcrumb\":{\"@id\":\"https:\\\/\\\/isab-siac.ch\\\/fr\\\/systeme\\\/details-du-systeme\\\/#breadcrumb\"},\"inLanguage\":\"fr-FR\",\"potentialAction\":[{\"@type\":\"ReadAction\",\"target\":[\"https:\\\/\\\/isab-siac.ch\\\/fr\\\/systeme\\\/details-du-systeme\\\/\"]}]},{\"@type\":\"BreadcrumbList\",\"@id\":\"https:\\\/\\\/isab-siac.ch\\\/fr\\\/systeme\\\/details-du-systeme\\\/#breadcrumb\",\"itemListElement\":[{\"@type\":\"ListItem\",\"position\":1,\"name\":\"Home\",\"item\":\"https:\\\/\\\/isab-siac.ch\\\/fr\\\/home\\\/\"},{\"@type\":\"ListItem\",\"position\":2,\"name\":\"Syst\u00e8me\",\"item\":\"https:\\\/\\\/isab-siac.ch\\\/fr\\\/systeme\\\/\"},{\"@type\":\"ListItem\",\"position\":3,\"name\":\"D\u00e9tails du syst\u00e8me\"}]},{\"@type\":\"WebSite\",\"@id\":\"https:\\\/\\\/isab-siac.ch\\\/it\\\/#website\",\"url\":\"https:\\\/\\\/isab-siac.ch\\\/it\\\/\",\"name\":\"ISAB SIAC\",\"description\":\"Association paritaire Syst\u00e8me d\u2019information Alliance construction\",\"potentialAction\":[{\"@type\":\"SearchAction\",\"target\":{\"@type\":\"EntryPoint\",\"urlTemplate\":\"https:\\\/\\\/isab-siac.ch\\\/it\\\/?s={search_term_string}\"},\"query-input\":{\"@type\":\"PropertyValueSpecification\",\"valueRequired\":true,\"valueName\":\"search_term_string\"}}],\"inLanguage\":\"fr-FR\"}]}<\/script>\n<!-- \/ Yoast SEO plugin. -->","yoast_head_json":{"title":"Plate-forme pour les principaux corps de m\u00e9tier de la construction et de la finition &#8211; ISAB SIAC","description":"SIAC est une plate-forme bas\u00e9e sur une base de donn\u00e9es pour l'industrie de la construction. SIAC simplifie l'ex\u00e9cution des CCT et cr\u00e9e de la transparence.","robots":{"index":"index","follow":"follow","max-snippet":"max-snippet:-1","max-image-preview":"max-image-preview:large","max-video-preview":"max-video-preview:-1"},"canonical":"https:\/\/isab-siac.ch\/fr\/systeme\/details-du-systeme\/","og_locale":"fr_FR","og_type":"article","og_title":"Plate-forme pour les principaux corps de m\u00e9tier de la construction et de la finition &#8211; ISAB SIAC","og_description":"SIAC est une plate-forme bas\u00e9e sur une base de donn\u00e9es pour l'industrie de la construction. SIAC simplifie l'ex\u00e9cution des CCT et cr\u00e9e de la transparence.","og_url":"https:\/\/isab-siac.ch\/fr\/systeme\/details-du-systeme\/","og_site_name":"ISAB SIAC","article_modified_time":"2021-01-05T15:23:04+00:00","twitter_card":"summary_large_image","twitter_misc":{"Dur\u00e9e de lecture estim\u00e9e":"7 minutes"},"schema":{"@context":"https:\/\/schema.org","@graph":[{"@type":"WebPage","@id":"https:\/\/isab-siac.ch\/fr\/systeme\/details-du-systeme\/","url":"https:\/\/isab-siac.ch\/fr\/systeme\/details-du-systeme\/","name":"Plate-forme pour les principaux corps de m\u00e9tier de la construction et de la finition &#8211; ISAB SIAC","isPartOf":{"@id":"https:\/\/isab-siac.ch\/it\/#website"},"datePublished":"2018-12-05T12:56:37+00:00","dateModified":"2021-01-05T15:23:04+00:00","description":"SIAC est une plate-forme bas\u00e9e sur une base de donn\u00e9es pour l'industrie de la construction. SIAC simplifie l'ex\u00e9cution des CCT et cr\u00e9e de la transparence.","breadcrumb":{"@id":"https:\/\/isab-siac.ch\/fr\/systeme\/details-du-systeme\/#breadcrumb"},"inLanguage":"fr-FR","potentialAction":[{"@type":"ReadAction","target":["https:\/\/isab-siac.ch\/fr\/systeme\/details-du-systeme\/"]}]},{"@type":"BreadcrumbList","@id":"https:\/\/isab-siac.ch\/fr\/systeme\/details-du-systeme\/#breadcrumb","itemListElement":[{"@type":"ListItem","position":1,"name":"Home","item":"https:\/\/isab-siac.ch\/fr\/home\/"},{"@type":"ListItem","position":2,"name":"Syst\u00e8me","item":"https:\/\/isab-siac.ch\/fr\/systeme\/"},{"@type":"ListItem","position":3,"name":"D\u00e9tails du syst\u00e8me"}]},{"@type":"WebSite","@id":"https:\/\/isab-siac.ch\/it\/#website","url":"https:\/\/isab-siac.ch\/it\/","name":"ISAB SIAC","description":"Association paritaire Syst\u00e8me d\u2019information Alliance construction","potentialAction":[{"@type":"SearchAction","target":{"@type":"EntryPoint","urlTemplate":"https:\/\/isab-siac.ch\/it\/?s={search_term_string}"},"query-input":{"@type":"PropertyValueSpecification","valueRequired":true,"valueName":"search_term_string"}}],"inLanguage":"fr-FR"}]}},"_links":{"self":[{"href":"https:\/\/isab-siac.ch\/fr\/wp-json\/wp\/v2\/pages\/744","targetHints":{"allow":["GET"]}}],"collection":[{"href":"https:\/\/isab-siac.ch\/fr\/wp-json\/wp\/v2\/pages"}],"about":[{"href":"https:\/\/isab-siac.ch\/fr\/wp-json\/wp\/v2\/types\/page"}],"author":[{"embeddable":true,"href":"https:\/\/isab-siac.ch\/fr\/wp-json\/wp\/v2\/users\/2"}],"replies":[{"embeddable":true,"href":"https:\/\/isab-siac.ch\/fr\/wp-json\/wp\/v2\/comments?post=744"}],"version-history":[{"count":0,"href":"https:\/\/isab-siac.ch\/fr\/wp-json\/wp\/v2\/pages\/744\/revisions"}],"up":[{"embeddable":true,"href":"https:\/\/isab-siac.ch\/fr\/wp-json\/wp\/v2\/pages\/738"}],"wp:attachment":[{"href":"https:\/\/isab-siac.ch\/fr\/wp-json\/wp\/v2\/media?parent=744"}],"curies":[{"name":"wp","href":"https:\/\/api.w.org\/{rel}","templated":true}]}}